{"id":28,"date":"2022-01-05T17:23:36","date_gmt":"2022-01-05T17:23:36","guid":{"rendered":"https:\/\/goesswein.regio2cloud.de\/?page_id=28"},"modified":"2022-02-08T17:21:48","modified_gmt":"2022-02-08T17:21:48","slug":"leistungen","status":"publish","type":"page","link":"https:\/\/frauenheilkunde-rastatt.de\/?page_id=28","title":{"rendered":"Leistungen"},"content":{"rendered":"\t\t<div data-elementor-type=\"wp-page\" data-elementor-id=\"28\" class=\"elementor elementor-28\">\n\t\t\t\t\t\t\t\t\t<section class=\"elementor-section elementor-top-section elementor-element elementor-element-72f889d elementor-section-boxed elementor-section-height-default elementor-section-height-default\" data-id=\"72f889d\" data-element_type=\"section\">\n\t\t\t\t\t\t<div class=\"elementor-container elementor-column-gap-default\">\n\t\t\t\t\t<div class=\"elementor-column elementor-col-100 elementor-top-column elementor-element elementor-element-86879d5\" data-id=\"86879d5\" data-element_type=\"column\">\n\t\t\t<div class=\"elementor-widget-wrap elementor-element-populated\">\n\t\t\t\t\t\t\t\t<div class=\"elementor-element elementor-element-7ce6bf1 elementor-widget elementor-widget-text-editor\" data-id=\"7ce6bf1\" data-element_type=\"widget\" data-widget_type=\"text-editor.default\">\n\t\t\t\t<div class=\"elementor-widget-container\">\n\t\t\t<style>\/*! elementor - v3.6.6 - 08-06-2022 *\/\n.elementor-widget-text-editor.elementor-drop-cap-view-stacked .elementor-drop-cap{background-color:#818a91;color:#fff}.elementor-widget-text-editor.elementor-drop-cap-view-framed .elementor-drop-cap{color:#818a91;border:3px solid;background-color:transparent}.elementor-widget-text-editor:not(.elementor-drop-cap-view-default) .elementor-drop-cap{margin-top:8px}.elementor-widget-text-editor:not(.elementor-drop-cap-view-default) .elementor-drop-cap-letter{width:1em;height:1em}.elementor-widget-text-editor .elementor-drop-cap{float:left;text-align:center;line-height:1;font-size:50px}.elementor-widget-text-editor .elementor-drop-cap-letter{display:inline-block}<\/style>\t\t\t\t<ul style=\"color: #000000; font-family: Arial; font-size: medium;\"><li>Krebsvorsorge<\/li><li>Schwangerschaftsbetreuung<\/li><li>Ultraschalldiagnostik einschlie\u00dflich Ultraschall der Brustdr\u00fcse<\/li><li>Kinderwunschbehandlung<\/li><li>Verh\u00fctungsmittelberatung (einschl. Legen von Spiralen\/Hormonst\u00e4bchen)<\/li><li>Teenagerberatung<\/li><li>Sexualberatung<\/li><li>Beratung in den Wechseljahren<\/li><li>Nachsorge bei b\u00f6sartigen Erkrankungen<\/li><li>Psychosomatische Betreuung<\/li><li>Impfungen<\/li><li>Blutuntersuchungen<\/li><li>Inkontinenzsprechstunde<\/li><li>Stillberatung<\/li><\/ul>\t\t\t\t\t\t<\/div>\n\t\t\t\t<\/div>\n\t\t\t\t\t<\/div>\n\t\t<\/div>\n\t\t\t\t\t\t\t<\/div>\n\t\t<\/section>\n\t\t\t\t\t\t\t<\/div>\n\t\t","protected":false},"excerpt":{"rendered":"<p>Krebsvorsorge Schwangerschaftsbetreuung Ultraschalldiagnostik einschlie\u00dflich Ultraschall der Brustdr\u00fcse Kinderwunschbehandlung Verh\u00fctungsmittelberatung (einschl. Legen von Spiralen\/Hormonst\u00e4bchen) Teenagerberatung Sexualberatung Beratung in den Wechseljahren Nachsorge bei b\u00f6sartigen Erkrankungen Psychosomatische Betreuung Impfungen Blutuntersuchungen Inkontinenzsprechstunde Stillberatung<\/p>\n","protected":false},"author":1,"featured_media":0,"parent":0,"menu_order":0,"comment_status":"closed","ping_status":"closed","template":"","meta":{"_coblocks_attr":"","_coblocks_dimensions":"","_coblocks_responsive_height":"","_coblocks_accordion_ie_support":"","kt_blocks_editor_width":"","footnotes":""},"_links":{"self":[{"href":"https:\/\/frauenheilkunde-rastatt.de\/index.php?rest_route=\/wp\/v2\/pages\/28"}],"collection":[{"href":"https:\/\/frauenheilkunde-rastatt.de\/index.php?rest_route=\/wp\/v2\/pages"}],"about":[{"href":"https:\/\/frauenheilkunde-rastatt.de\/index.php?rest_route=\/wp\/v2\/types\/page"}],"author":[{"embeddable":true,"href":"https:\/\/frauenheilkunde-rastatt.de\/index.php?rest_route=\/wp\/v2\/users\/1"}],"replies":[{"embeddable":true,"href":"https:\/\/frauenheilkunde-rastatt.de\/index.php?rest_route=%2Fwp%2Fv2%2Fcomments&post=28"}],"version-history":[{"count":7,"href":"https:\/\/frauenheilkunde-rastatt.de\/index.php?rest_route=\/wp\/v2\/pages\/28\/revisions"}],"predecessor-version":[{"id":178,"href":"https:\/\/frauenheilkunde-rastatt.de\/index.php?rest_route=\/wp\/v2\/pages\/28\/revisions\/178"}],"wp:attachment":[{"href":"https:\/\/frauenheilkunde-rastatt.de\/index.php?rest_route=%2Fwp%2Fv2%2Fmedia&parent=28"}],"curies":[{"name":"wp","href":"https:\/\/api.w.org\/{rel}","templated":true}]}}