{"id":17,"date":"2022-01-05T16:56:36","date_gmt":"2022-01-05T16:56:36","guid":{"rendered":"https:\/\/goesswein.regio2cloud.de\/?page_id=17"},"modified":"2026-03-02T16:13:10","modified_gmt":"2026-03-02T16:13:10","slug":"praxis","status":"publish","type":"page","link":"https:\/\/frauenheilkunde-rastatt.de\/?page_id=17","title":{"rendered":"Praxisteam"},"content":{"rendered":"\t\t<div data-elementor-type=\"wp-page\" data-elementor-id=\"17\" class=\"elementor elementor-17\">\n\t\t\t\t\t\t\t\t\t<section class=\"elementor-section elementor-top-section elementor-element elementor-element-b0feb1e elementor-section-boxed elementor-section-height-default elementor-section-height-default\" data-id=\"b0feb1e\" data-element_type=\"section\">\n\t\t\t\t\t\t<div class=\"elementor-container elementor-column-gap-default\">\n\t\t\t\t\t<div class=\"elementor-column elementor-col-100 elementor-top-column elementor-element elementor-element-1f7afbc\" data-id=\"1f7afbc\" data-element_type=\"column\">\n\t\t\t<div class=\"elementor-widget-wrap elementor-element-populated\">\n\t\t\t\t\t\t\t\t<div class=\"elementor-element elementor-element-ca4664c elementor-widget elementor-widget-text-editor\" data-id=\"ca4664c\" data-element_type=\"widget\" data-widget_type=\"text-editor.default\">\n\t\t\t\t<div class=\"elementor-widget-container\">\n\t\t\t<style>\/*! elementor - v3.6.6 - 08-06-2022 *\/\n.elementor-widget-text-editor.elementor-drop-cap-view-stacked .elementor-drop-cap{background-color:#818a91;color:#fff}.elementor-widget-text-editor.elementor-drop-cap-view-framed .elementor-drop-cap{color:#818a91;border:3px solid;background-color:transparent}.elementor-widget-text-editor:not(.elementor-drop-cap-view-default) .elementor-drop-cap{margin-top:8px}.elementor-widget-text-editor:not(.elementor-drop-cap-view-default) .elementor-drop-cap-letter{width:1em;height:1em}.elementor-widget-text-editor .elementor-drop-cap{float:left;text-align:center;line-height:1;font-size:50px}.elementor-widget-text-editor .elementor-drop-cap-letter{display:inline-block}<\/style>\t\t\t\t\t\t\t\t\t\t<\/div>\n\t\t\t\t<\/div>\n\t\t\t\t\t<\/div>\n\t\t<\/div>\n\t\t\t\t\t\t\t<\/div>\n\t\t<\/section>\n\t\t\t\t<section class=\"elementor-section elementor-top-section elementor-element elementor-element-d95330a elementor-section-boxed elementor-section-height-default elementor-section-height-default\" data-id=\"d95330a\" data-element_type=\"section\">\n\t\t\t\t\t\t<div class=\"elementor-container elementor-column-gap-default\">\n\t\t\t\t\t<div class=\"elementor-column elementor-col-50 elementor-top-column elementor-element elementor-element-48cb087\" data-id=\"48cb087\" data-element_type=\"column\">\n\t\t\t<div class=\"elementor-widget-wrap elementor-element-populated\">\n\t\t\t\t\t\t\t\t<div class=\"elementor-element elementor-element-aac73cc elementor-widget elementor-widget-text-editor\" data-id=\"aac73cc\" data-element_type=\"widget\" data-widget_type=\"text-editor.default\">\n\t\t\t\t<div class=\"elementor-widget-container\">\n\t\t\t\t\t\t\t<p><strong style=\"color: #000000; font-family: Arial; font-size: medium;\">Dr. med. Regina G\u00f6\u00dfwein<\/strong><br style=\"color: #000000; font-family: Arial; font-size: medium;\" \/><span style=\"color: #000000; font-family: Arial; font-size: medium;\">geb. 1964 in Karlsruhe, verheiratet,<\/span><br style=\"color: #000000; font-family: Arial; font-size: medium;\" \/><span style=\"color: #000000; font-family: Arial; font-size: medium;\">zwei Kinder, Fach\u00e4rztin f\u00fcr<\/span><br style=\"color: #000000; font-family: Arial; font-size: medium;\" \/><span style=\"color: #000000; font-family: Arial; font-size: medium;\">Frauenheilkunde und Geburtshilfe<\/span><br style=\"color: #000000; font-family: Arial; font-size: medium;\" \/><span style=\"color: #000000; font-family: Arial; font-size: medium;\">(verliehen 1997 in der Bundesrepuplik Deutschland\/<\/span><br style=\"color: #000000; font-family: Arial; font-size: medium;\" \/><span style=\"color: #000000; font-family: Arial; font-size: medium;\">\u00c4rztekammer Berlin)<\/span><\/p><ul style=\"color: #000000; font-family: Arial; font-size: medium;\"><li>1984-1990 Studium der Humanmedizin an der Universit\u00e4t Heidelberg und Freiburg<\/li><\/ul><ul style=\"color: #000000; font-family: Arial; font-size: medium;\"><li>Promotion an der Universit\u00e4t Heidelberg im Bereich Psychosomatik\/Onkologie<\/li><\/ul><ul style=\"color: #000000; font-family: Arial; font-size: medium;\"><li>1991-1997 Facharztausbildung am Kreiskrankenhaus Rastatt und am Humboldt-Krankenhaus Berlin<\/li><\/ul><ul style=\"color: #000000; font-family: Arial; font-size: medium;\"><li>seit 2001 niedergelassen in Rastatt<\/li><li>Zusatzbezeichnung Naturheilverfahren<\/li><\/ul>\t\t\t\t\t\t<\/div>\n\t\t\t\t<\/div>\n\t\t\t\t\t<\/div>\n\t\t<\/div>\n\t\t\t\t<div class=\"elementor-column elementor-col-50 elementor-top-column elementor-element elementor-element-92c3f60\" data-id=\"92c3f60\" data-element_type=\"column\">\n\t\t\t<div class=\"elementor-widget-wrap elementor-element-populated\">\n\t\t\t\t\t\t\t\t<div class=\"elementor-element elementor-element-d19da5f elementor-widget elementor-widget-image\" data-id=\"d19da5f\" data-element_type=\"widget\" data-widget_type=\"image.default\">\n\t\t\t\t<div class=\"elementor-widget-container\">\n\t\t\t<style>\/*! elementor - v3.6.6 - 08-06-2022 *\/\n.elementor-widget-image{text-align:center}.elementor-widget-image a{display:inline-block}.elementor-widget-image a img[src$=\".svg\"]{width:48px}.elementor-widget-image img{vertical-align:middle;display:inline-block}<\/style>\t\t\t\t\t\t\t\t\t\t\t\t<img loading=\"lazy\" decoding=\"async\" width=\"200\" height=\"300\" src=\"https:\/\/frauenheilkunde-rastatt.de\/wp-content\/uploads\/2022\/01\/Fotos website\/_MG_1443-Bearbeitet.JPG\" class=\"attachment-medium size-medium\" alt=\"\" \/>\t\t\t\t\t\t\t\t\t\t\t\t\t\t\t<\/div>\n\t\t\t\t<\/div>\n\t\t\t\t\t<\/div>\n\t\t<\/div>\n\t\t\t\t\t\t\t<\/div>\n\t\t<\/section>\n\t\t\t\t<section class=\"elementor-section elementor-top-section elementor-element elementor-element-c5fbdea elementor-section-boxed elementor-section-height-default elementor-section-height-default\" data-id=\"c5fbdea\" data-element_type=\"section\">\n\t\t\t\t\t\t<div class=\"elementor-container elementor-column-gap-default\">\n\t\t\t\t\t<div class=\"elementor-column elementor-col-50 elementor-top-column elementor-element elementor-element-aeb7872\" data-id=\"aeb7872\" data-element_type=\"column\">\n\t\t\t<div class=\"elementor-widget-wrap elementor-element-populated\">\n\t\t\t\t\t\t\t\t<div class=\"elementor-element elementor-element-9bda5c2 elementor-widget elementor-widget-text-editor\" data-id=\"9bda5c2\" data-element_type=\"widget\" data-widget_type=\"text-editor.default\">\n\t\t\t\t<div class=\"elementor-widget-container\">\n\t\t\t\t\t\t\t<h3><span style=\"font-weight: bold; color: #000000; font-family: Arial; font-size: medium;\">\u00a0<\/span><\/h3><p><span style=\"font-weight: bold; color: #000000; font-family: Arial; font-size: medium;\">\u00a0<\/span><\/p><p><span style=\"font-weight: bold; color: #000000; font-family: Arial; font-size: medium;\">\u00a0<\/span><\/p><p><span style=\"font-weight: bold; color: #000000; font-family: Arial; font-size: medium;\">Maren Mayer<\/span><\/p><p><span style=\"color: #000000; font-family: Arial; font-size: medium;\">Fach\u00e4rztin f\u00fcr Frauenheilkunde und Geburtshilfe \u00a0 \u00a0 \u00a0 in der Praxis t\u00e4tig seit 2022<\/span><\/p><h5>\u00a0<\/h5><h5>\u00a0<\/h5><h5>\u00a0<\/h5><h5>\u00a0<\/h5><h5>\u00a0<\/h5><h5>\u00a0<\/h5>\t\t\t\t\t\t<\/div>\n\t\t\t\t<\/div>\n\t\t\t\t\t<\/div>\n\t\t<\/div>\n\t\t\t\t<div class=\"elementor-column elementor-col-50 elementor-top-column elementor-element elementor-element-a662b39\" data-id=\"a662b39\" data-element_type=\"column\">\n\t\t\t<div class=\"elementor-widget-wrap elementor-element-populated\">\n\t\t\t\t\t\t\t\t<div class=\"elementor-element elementor-element-98ee84b elementor-widget elementor-widget-image\" data-id=\"98ee84b\" data-element_type=\"widget\" data-widget_type=\"image.default\">\n\t\t\t\t<div class=\"elementor-widget-container\">\n\t\t\t\t\t\t\t\t\t\t\t\t\t\t\t<img loading=\"lazy\" decoding=\"async\" width=\"200\" height=\"300\" src=\"https:\/\/frauenheilkunde-rastatt.de\/wp-content\/uploads\/2023\/06\/MG_2437-200x300.jpg\" class=\"attachment-medium size-medium\" alt=\"\" srcset=\"https:\/\/frauenheilkunde-rastatt.de\/wp-content\/uploads\/2023\/06\/MG_2437-200x300.jpg 200w, https:\/\/frauenheilkunde-rastatt.de\/wp-content\/uploads\/2023\/06\/MG_2437-683x1024.jpg 683w, https:\/\/frauenheilkunde-rastatt.de\/wp-content\/uploads\/2023\/06\/MG_2437-768x1152.jpg 768w, https:\/\/frauenheilkunde-rastatt.de\/wp-content\/uploads\/2023\/06\/MG_2437-1024x1536.jpg 1024w, https:\/\/frauenheilkunde-rastatt.de\/wp-content\/uploads\/2023\/06\/MG_2437-1365x2048.jpg 1365w, https:\/\/frauenheilkunde-rastatt.de\/wp-content\/uploads\/2023\/06\/MG_2437-scaled.jpg 1706w\" sizes=\"(max-width: 200px) 100vw, 200px\" \/>\t\t\t\t\t\t\t\t\t\t\t\t\t\t\t<\/div>\n\t\t\t\t<\/div>\n\t\t\t\t\t<\/div>\n\t\t<\/div>\n\t\t\t\t\t\t\t<\/div>\n\t\t<\/section>\n\t\t\t\t<section class=\"elementor-section elementor-top-section elementor-element elementor-element-5174dbc elementor-section-boxed elementor-section-height-default elementor-section-height-default\" data-id=\"5174dbc\" data-element_type=\"section\">\n\t\t\t\t\t\t<div class=\"elementor-container elementor-column-gap-default\">\n\t\t\t\t\t<div class=\"elementor-column elementor-col-50 elementor-top-column elementor-element elementor-element-63e2f44\" data-id=\"63e2f44\" data-element_type=\"column\">\n\t\t\t<div class=\"elementor-widget-wrap elementor-element-populated\">\n\t\t\t\t\t\t\t\t<div class=\"elementor-element elementor-element-7437d7c elementor-widget elementor-widget-text-editor\" data-id=\"7437d7c\" data-element_type=\"widget\" data-widget_type=\"text-editor.default\">\n\t\t\t\t<div class=\"elementor-widget-container\">\n\t\t\t\t\t\t\t<p><strong style=\"color: #000000; font-family: Arial; font-size: medium;\">\u00a0<\/strong><\/p><p><strong style=\"color: #000000; font-family: Arial; font-size: medium;\">\u00a0<\/strong><\/p><p><strong style=\"color: #000000; font-family: Arial; font-size: medium;\">\u00a0<\/strong><\/p><p><strong style=\"color: #000000; font-family: Arial; font-size: medium;\">Katja Ullrich<\/strong><\/p><p><span style=\"color: #000000; font-family: Arial; font-size: medium;\">medizinische Fachangestellte \u00a0\u00a0 \u00a0 \u00a0\u00a0 in der Praxis t\u00e4tig seit 2020<\/span><\/p>\t\t\t\t\t\t<\/div>\n\t\t\t\t<\/div>\n\t\t\t\t\t<\/div>\n\t\t<\/div>\n\t\t\t\t<div class=\"elementor-column elementor-col-50 elementor-top-column elementor-element elementor-element-37c7420\" data-id=\"37c7420\" data-element_type=\"column\">\n\t\t\t<div class=\"elementor-widget-wrap elementor-element-populated\">\n\t\t\t\t\t\t\t\t<div class=\"elementor-element elementor-element-1d335f7 elementor-widget elementor-widget-image\" data-id=\"1d335f7\" data-element_type=\"widget\" data-widget_type=\"image.default\">\n\t\t\t\t<div class=\"elementor-widget-container\">\n\t\t\t\t\t\t\t\t\t\t\t\t\t\t\t<img loading=\"lazy\" decoding=\"async\" width=\"200\" height=\"300\" src=\"https:\/\/frauenheilkunde-rastatt.de\/wp-content\/uploads\/2022\/01\/Fotos website\/_MG_1463.JPG\" class=\"attachment-medium size-medium\" alt=\"\" \/>\t\t\t\t\t\t\t\t\t\t\t\t\t\t\t<\/div>\n\t\t\t\t<\/div>\n\t\t\t\t\t<\/div>\n\t\t<\/div>\n\t\t\t\t\t\t\t<\/div>\n\t\t<\/section>\n\t\t\t\t<section class=\"elementor-section elementor-top-section elementor-element elementor-element-aa476ee elementor-section-boxed elementor-section-height-default elementor-section-height-default\" data-id=\"aa476ee\" data-element_type=\"section\">\n\t\t\t\t\t\t<div class=\"elementor-container elementor-column-gap-default\">\n\t\t\t\t\t<div class=\"elementor-column elementor-col-50 elementor-top-column elementor-element elementor-element-4ece154\" data-id=\"4ece154\" data-element_type=\"column\">\n\t\t\t<div class=\"elementor-widget-wrap elementor-element-populated\">\n\t\t\t\t\t\t\t\t<div class=\"elementor-element elementor-element-d3aa3be elementor-widget elementor-widget-text-editor\" data-id=\"d3aa3be\" data-element_type=\"widget\" data-widget_type=\"text-editor.default\">\n\t\t\t\t<div class=\"elementor-widget-container\">\n\t\t\t\t\t\t\t<p><span style=\"font-weight: bold; color: #000000; font-family: Arial; font-size: medium;\">\u00a0<\/span><\/p><p><span style=\"font-weight: bold; color: #000000; font-family: Arial; font-size: medium;\">\u00a0<\/span><\/p><p><span style=\"font-weight: bold; color: #000000; font-family: Arial; font-size: medium;\">\u00a0<\/span><\/p><p><span style=\"font-weight: bold; color: #000000; font-family: Arial; font-size: medium;\">Kerstin Huber<\/span><\/p><p><span style=\"color: #000000; font-family: Arial; font-size: medium;\">Arztsekret\u00e4rin<\/span><br style=\"color: #000000; font-family: Arial; font-size: medium;\" \/><span style=\"color: #000000; font-family: Arial; font-size: medium;\">Stillberaterin ( AFS ) \u00a0 \u00a0 \u00a0 \u00a0 \u00a0 \u00a0 \u00a0 \u00a0 \u00a0 \u00a0 \u00a0\u00a0 in der Praxis t\u00e4tig seit 2002<\/span><\/p>\t\t\t\t\t\t<\/div>\n\t\t\t\t<\/div>\n\t\t\t\t\t<\/div>\n\t\t<\/div>\n\t\t\t\t<div class=\"elementor-column elementor-col-50 elementor-top-column elementor-element elementor-element-46c55f4\" data-id=\"46c55f4\" data-element_type=\"column\">\n\t\t\t<div class=\"elementor-widget-wrap elementor-element-populated\">\n\t\t\t\t\t\t\t\t<div class=\"elementor-element elementor-element-8185cc4 elementor-widget elementor-widget-image\" data-id=\"8185cc4\" data-element_type=\"widget\" data-widget_type=\"image.default\">\n\t\t\t\t<div class=\"elementor-widget-container\">\n\t\t\t\t\t\t\t\t\t\t\t\t\t\t\t<img loading=\"lazy\" decoding=\"async\" width=\"200\" height=\"300\" src=\"https:\/\/frauenheilkunde-rastatt.de\/wp-content\/uploads\/2022\/01\/Fotos website\/_MG_1495.JPG\" class=\"attachment-medium size-medium\" alt=\"\" \/>\t\t\t\t\t\t\t\t\t\t\t\t\t\t\t<\/div>\n\t\t\t\t<\/div>\n\t\t\t\t\t<\/div>\n\t\t<\/div>\n\t\t\t\t\t\t\t<\/div>\n\t\t<\/section>\n\t\t\t\t<section class=\"elementor-section elementor-top-section elementor-element elementor-element-741edaf elementor-section-boxed elementor-section-height-default elementor-section-height-default\" data-id=\"741edaf\" data-element_type=\"section\">\n\t\t\t\t\t\t<div class=\"elementor-container elementor-column-gap-default\">\n\t\t\t\t\t<div class=\"elementor-column elementor-col-50 elementor-top-column elementor-element elementor-element-5eeef6d\" data-id=\"5eeef6d\" data-element_type=\"column\">\n\t\t\t<div class=\"elementor-widget-wrap elementor-element-populated\">\n\t\t\t\t\t\t\t\t<div class=\"elementor-element elementor-element-a44f871 elementor-widget elementor-widget-text-editor\" data-id=\"a44f871\" data-element_type=\"widget\" data-widget_type=\"text-editor.default\">\n\t\t\t\t<div class=\"elementor-widget-container\">\n\t\t\t\t\t\t\t<h3><span style=\"font-weight: bold; color: #000000; font-family: Arial; font-size: medium;\">\u00a0<\/span><\/h3><p><span style=\"font-weight: bold; color: #000000; font-family: Arial; font-size: medium;\">\u00a0<\/span><\/p><p><span style=\"color: #000000; font-family: Arial; font-size: medium; font-weight: bold;\">Brigitta Zahn<\/span><\/p><p><span style=\"color: #000000; font-family: Arial; font-size: medium;\">medizinische Fachangestellte \u00a0\u00a0 \u00a0 \u00a0\u00a0 in der Praxis t\u00e4tig seit 2019<\/span><\/p><h5>\u00a0<\/h5><h5>\u00a0<\/h5><h5>\u00a0<\/h5><h5>\u00a0<\/h5><h5>\u00a0<\/h5><h5>\u00a0<\/h5>\t\t\t\t\t\t<\/div>\n\t\t\t\t<\/div>\n\t\t\t\t\t<\/div>\n\t\t<\/div>\n\t\t\t\t<div class=\"elementor-column elementor-col-50 elementor-top-column elementor-element elementor-element-65fd8a9\" data-id=\"65fd8a9\" data-element_type=\"column\">\n\t\t\t<div class=\"elementor-widget-wrap elementor-element-populated\">\n\t\t\t\t\t\t\t\t<div class=\"elementor-element elementor-element-8f369c4 elementor-widget elementor-widget-image\" data-id=\"8f369c4\" data-element_type=\"widget\" data-widget_type=\"image.default\">\n\t\t\t\t<div class=\"elementor-widget-container\">\n\t\t\t\t\t\t\t\t\t\t\t\t\t\t\t<img loading=\"lazy\" decoding=\"async\" width=\"200\" height=\"300\" src=\"https:\/\/frauenheilkunde-rastatt.de\/wp-content\/uploads\/2022\/01\/Fotos website\/_MG_1457-Bearbeitet.JPG\" class=\"attachment-medium size-medium\" alt=\"\" \/>\t\t\t\t\t\t\t\t\t\t\t\t\t\t\t<\/div>\n\t\t\t\t<\/div>\n\t\t\t\t\t<\/div>\n\t\t<\/div>\n\t\t\t\t\t\t\t<\/div>\n\t\t<\/section>\n\t\t\t\t<section class=\"elementor-section elementor-top-section elementor-element elementor-element-c950d05 elementor-section-boxed elementor-section-height-default elementor-section-height-default\" data-id=\"c950d05\" data-element_type=\"section\">\n\t\t\t\t\t\t<div class=\"elementor-container elementor-column-gap-default\">\n\t\t\t\t\t<div class=\"elementor-column elementor-col-66 elementor-top-column elementor-element elementor-element-7c78914\" data-id=\"7c78914\" data-element_type=\"column\">\n\t\t\t<div class=\"elementor-widget-wrap elementor-element-populated\">\n\t\t\t\t\t\t\t\t<div class=\"elementor-element elementor-element-2f4361d elementor-widget elementor-widget-text-editor\" data-id=\"2f4361d\" data-element_type=\"widget\" data-widget_type=\"text-editor.default\">\n\t\t\t\t<div class=\"elementor-widget-container\">\n\t\t\t\t\t\t\t<h3><span style=\"font-weight: bold; color: #000000; font-family: Arial; font-size: medium;\">&nbsp;<\/span><\/h3>\n<p><span style=\"font-weight: bold; color: #000000; font-family: Arial; font-size: medium;\">&nbsp;<\/span><\/p>\n<p><font color=\"#000000\" face=\"Arial\" size=\"3\"><span style=\"caret-color: rgb(0, 0, 0);\"><b>XXX<\/b><\/span><\/font><\/p>\n<p><span style=\"color: #000000; font-family: Arial; font-size: medium;\">medizinische Fachangestellte &nbsp;&nbsp; &nbsp; &nbsp;&nbsp; in der Praxis t\u00e4tig seit 2026<\/span><\/p>\n<h5>&nbsp;<\/h5>\n<h5>&nbsp;<\/h5>\n<h5>&nbsp;<\/h5>\n<h5>&nbsp;<\/h5>\n<h5>&nbsp;<\/h5>\n<h5>&nbsp;<\/h5>\t\t\t\t\t\t<\/div>\n\t\t\t\t<\/div>\n\t\t\t\t\t<\/div>\n\t\t<\/div>\n\t\t\t\t<div class=\"elementor-column elementor-col-33 elementor-top-column elementor-element elementor-element-f5dcc42\" data-id=\"f5dcc42\" data-element_type=\"column\">\n\t\t\t<div class=\"elementor-widget-wrap elementor-element-populated\">\n\t\t\t\t\t\t\t\t<div class=\"elementor-element elementor-element-b61e7a7 elementor-widget elementor-widget-image\" data-id=\"b61e7a7\" data-element_type=\"widget\" data-widget_type=\"image.default\">\n\t\t\t\t<div class=\"elementor-widget-container\">\n\t\t\t\t\t\t\t\t\t\t\t\t\t\t\t<img loading=\"lazy\" decoding=\"async\" width=\"211\" height=\"300\" src=\"https:\/\/frauenheilkunde-rastatt.de\/wp-content\/uploads\/2025\/10\/Jona-Klein-211x300.jpg\" class=\"attachment-medium size-medium\" alt=\"\" srcset=\"https:\/\/frauenheilkunde-rastatt.de\/wp-content\/uploads\/2025\/10\/Jona-Klein-211x300.jpg 211w, https:\/\/frauenheilkunde-rastatt.de\/wp-content\/uploads\/2025\/10\/Jona-Klein-722x1024.jpg 722w, https:\/\/frauenheilkunde-rastatt.de\/wp-content\/uploads\/2025\/10\/Jona-Klein-768x1090.jpg 768w, https:\/\/frauenheilkunde-rastatt.de\/wp-content\/uploads\/2025\/10\/Jona-Klein-1082x1536.jpg 1082w, https:\/\/frauenheilkunde-rastatt.de\/wp-content\/uploads\/2025\/10\/Jona-Klein.jpg 1181w\" sizes=\"(max-width: 211px) 100vw, 211px\" \/>\t\t\t\t\t\t\t\t\t\t\t\t\t\t\t<\/div>\n\t\t\t\t<\/div>\n\t\t\t\t\t<\/div>\n\t\t<\/div>\n\t\t\t\t\t\t\t<\/div>\n\t\t<\/section>\n\t\t\t\t<section class=\"elementor-section elementor-top-section elementor-element elementor-element-6536629 elementor-section-boxed elementor-section-height-default elementor-section-height-default\" data-id=\"6536629\" data-element_type=\"section\">\n\t\t\t\t\t\t<div class=\"elementor-container elementor-column-gap-default\">\n\t\t\t\t\t<div class=\"elementor-column elementor-col-66 elementor-top-column elementor-element elementor-element-ee91895\" data-id=\"ee91895\" data-element_type=\"column\">\n\t\t\t<div class=\"elementor-widget-wrap elementor-element-populated\">\n\t\t\t\t\t\t\t\t<div class=\"elementor-element elementor-element-16d547a elementor-widget elementor-widget-text-editor\" data-id=\"16d547a\" data-element_type=\"widget\" data-widget_type=\"text-editor.default\">\n\t\t\t\t<div class=\"elementor-widget-container\">\n\t\t\t\t\t\t\t<h3>\u00a0<\/h3><p><span style=\"font-weight: bold; color: #000000; font-family: Arial; font-size: medium;\">\u00a0<\/span><\/p><p><span style=\"color: #000000; font-family: Arial; font-size: medium;\">\u00a0<\/span><\/p><p><strong><span style=\"color: #000000; font-family: Arial; font-size: medium;\">Dajana Lisci<\/span><\/strong><\/p><p><span style=\"color: #000000; font-family: Arial; font-size: medium;\">medizinische Fachangestellte \u00a0\u00a0 \u00a0 \u00a0\u00a0 in der Praxis t\u00e4tig seit 2013<\/span>\u00a0 \u00a0i<\/p><h5>\u00a0<\/h5><h5>\u00a0<\/h5><h5>\u00a0<\/h5><h5>\u00a0<\/h5><h5>\u00a0<\/h5><h5>\u00a0<\/h5>\t\t\t\t\t\t<\/div>\n\t\t\t\t<\/div>\n\t\t\t\t\t<\/div>\n\t\t<\/div>\n\t\t\t\t<div class=\"elementor-column elementor-col-33 elementor-top-column elementor-element elementor-element-5d62084\" data-id=\"5d62084\" data-element_type=\"column\">\n\t\t\t<div class=\"elementor-widget-wrap elementor-element-populated\">\n\t\t\t\t\t\t\t\t<div class=\"elementor-element elementor-element-c1c70a5 elementor-widget elementor-widget-image\" data-id=\"c1c70a5\" data-element_type=\"widget\" data-widget_type=\"image.default\">\n\t\t\t\t<div class=\"elementor-widget-container\">\n\t\t\t\t\t\t\t\t\t\t\t\t\t\t\t<img loading=\"lazy\" decoding=\"async\" width=\"207\" height=\"300\" src=\"https:\/\/frauenheilkunde-rastatt.de\/wp-content\/uploads\/2025\/10\/Dajana-Lisci-207x300.jpg\" class=\"attachment-medium size-medium\" alt=\"\" srcset=\"https:\/\/frauenheilkunde-rastatt.de\/wp-content\/uploads\/2025\/10\/Dajana-Lisci-207x300.jpg 207w, https:\/\/frauenheilkunde-rastatt.de\/wp-content\/uploads\/2025\/10\/Dajana-Lisci-706x1024.jpg 706w, https:\/\/frauenheilkunde-rastatt.de\/wp-content\/uploads\/2025\/10\/Dajana-Lisci-768x1114.jpg 768w, https:\/\/frauenheilkunde-rastatt.de\/wp-content\/uploads\/2025\/10\/Dajana-Lisci-1059x1536.jpg 1059w, https:\/\/frauenheilkunde-rastatt.de\/wp-content\/uploads\/2025\/10\/Dajana-Lisci.jpg 1181w\" sizes=\"(max-width: 207px) 100vw, 207px\" \/>\t\t\t\t\t\t\t\t\t\t\t\t\t\t\t<\/div>\n\t\t\t\t<\/div>\n\t\t\t\t\t<\/div>\n\t\t<\/div>\n\t\t\t\t\t\t\t<\/div>\n\t\t<\/section>\n\t\t\t\t\t\t\t<\/div>\n\t\t","protected":false},"excerpt":{"rendered":"<p>Dr. med. Regina G\u00f6\u00dfweingeb. 1964 in Karlsruhe, verheiratet,zwei Kinder, Fach\u00e4rztin f\u00fcrFrauenheilkunde und Geburtshilfe(verliehen 1997 in der Bundesrepuplik Deutschland\/\u00c4rztekammer Berlin) 1984-1990 Studium der Humanmedizin an der Universit\u00e4t Heidelberg und Freiburg Promotion an der Universit\u00e4t Heidelberg im Bereich Psychosomatik\/Onkologie 1991-1997 Facharztausbildung am &hellip; <a href=\"https:\/\/frauenheilkunde-rastatt.de\/?page_id=17\">Weiter<\/a><\/p>\n","protected":false},"author":1,"featured_media":0,"parent":0,"menu_order":0,"comment_status":"closed","ping_status":"closed","template":"","meta":{"_coblocks_attr":"","_coblocks_dimensions":"","_coblocks_responsive_height":"","_coblocks_accordion_ie_support":"","kt_blocks_editor_width":"","footnotes":""},"_links":{"self":[{"href":"https:\/\/frauenheilkunde-rastatt.de\/index.php?rest_route=\/wp\/v2\/pages\/17"}],"collection":[{"href":"https:\/\/frauenheilkunde-rastatt.de\/index.php?rest_route=\/wp\/v2\/pages"}],"about":[{"href":"https:\/\/frauenheilkunde-rastatt.de\/index.php?rest_route=\/wp\/v2\/types\/page"}],"author":[{"embeddable":true,"href":"https:\/\/frauenheilkunde-rastatt.de\/index.php?rest_route=\/wp\/v2\/users\/1"}],"replies":[{"embeddable":true,"href":"https:\/\/frauenheilkunde-rastatt.de\/index.php?rest_route=%2Fwp%2Fv2%2Fcomments&post=17"}],"version-history":[{"count":126,"href":"https:\/\/frauenheilkunde-rastatt.de\/index.php?rest_route=\/wp\/v2\/pages\/17\/revisions"}],"predecessor-version":[{"id":497,"href":"https:\/\/frauenheilkunde-rastatt.de\/index.php?rest_route=\/wp\/v2\/pages\/17\/revisions\/497"}],"wp:attachment":[{"href":"https:\/\/frauenheilkunde-rastatt.de\/index.php?rest_route=%2Fwp%2Fv2%2Fmedia&parent=17"}],"curies":[{"name":"wp","href":"https:\/\/api.w.org\/{rel}","templated":true}]}}